{"id":2242,"date":"2021-10-25T11:40:43","date_gmt":"2021-10-25T11:40:43","guid":{"rendered":"https:\/\/wp.themedemo.org\/WCM07\/WCM070151\/?page_id=2242"},"modified":"2024-02-22T21:13:38","modified_gmt":"2024-02-22T20:13:38","slug":"about-us","status":"publish","type":"page","link":"https:\/\/parablau.com\/galerie\/about-us\/","title":{"rendered":"\u00fcber parablau"},"content":{"rendered":"\t\t<div data-elementor-type=\"wp-page\" data-elementor-id=\"2242\" class=\"elementor elementor-2242\">\n\t\t\t\t\t\t<div class=\"elementor-section elementor-top-section elementor-element elementor-element-cc1a874 elementor-section-boxed elementor-section-height-default elementor-section-height-default\" data-id=\"cc1a874\" data-element_type=\"section\" data-e-type=\"section\" data-settings=\"{&quot;background_background&quot;:&quot;classic&quot;}\">\n\t\t\t\t\t\t<div class=\"elementor-container elementor-column-gap-default\">\n\t\t\t\t\t<div class=\"elementor-column elementor-col-100 elementor-top-column elementor-element elementor-element-a105e5e\" data-id=\"a105e5e\" data-element_type=\"column\" data-e-type=\"column\">\n\t\t\t<div class=\"elementor-widget-wrap elementor-element-populated\">\n\t\t\t\t\t\t<section class=\"elementor-section elementor-inner-section elementor-element elementor-element-b5b89f0 elementor-section-boxed elementor-section-height-default elementor-section-height-default\" data-id=\"b5b89f0\" data-element_type=\"section\" data-e-type=\"section\">\n\t\t\t\t\t\t<div class=\"elementor-container elementor-column-gap-default\">\n\t\t\t\t\t<div class=\"elementor-column elementor-col-50 elementor-inner-column elementor-element elementor-element-afe7a77\" data-id=\"afe7a77\" data-element_type=\"column\" data-e-type=\"column\">\n\t\t\t<div class=\"elementor-widget-wrap elementor-element-populated\">\n\t\t\t\t\t\t<div class=\"elementor-element elementor-element-78d72cd elementor-widget elementor-widget-heading\" data-id=\"78d72cd\" data-element_type=\"widget\" data-e-type=\"widget\" data-widget_type=\"heading.default\">\n\t\t\t\t<div class=\"elementor-widget-container\">\n\t\t\t\t\t<span class=\"elementor-heading-title elementor-size-default\">\u00dcber [parablau]<\/span>\t\t\t\t<\/div>\n\t\t\t\t<\/div>\n\t\t\t\t<div class=\"elementor-element elementor-element-0c13b52 elementor-widget elementor-widget-heading\" data-id=\"0c13b52\" data-element_type=\"widget\" data-e-type=\"widget\" data-widget_type=\"heading.default\">\n\t\t\t\t<div class=\"elementor-widget-container\">\n\t\t\t\t\t<h5 class=\"elementor-heading-title elementor-size-default\">Galerie und Kunstprojekte in der Blauen Fabrik<\/h5>\t\t\t\t<\/div>\n\t\t\t\t<\/div>\n\t\t\t\t<div class=\"elementor-element elementor-element-fba4303 elementor-widget elementor-widget-text-editor\" data-id=\"fba4303\" data-element_type=\"widget\" data-e-type=\"widget\" data-widget_type=\"text-editor.default\">\n\t\t\t\t<div class=\"elementor-widget-container\">\n\t\t\t\t\t\t\t\t\t<p><strong>[parablau]<\/strong> wurde 2012 von Conny K\u00f6ckritz (Kuratorin), Michael Kral (Artwork), Walter Battisti und Holger Knaak gegr\u00fcndet. [<strong>parablau]<\/strong> ist eine freie Ausstellungsreihe jenseits des kommerziellen Galeriebetriebs und bietet K\u00fcnstlern aus Dresden und dar\u00fcber hinaus ein Podium zur Pr\u00e4sentation aber auch Freiraum zum Ausprobieren. Dabei wird die Kunst in einen vielf\u00e4ltig belebten Kulturort eingebunden, wo sie in einen Dialog mit Musik, Tanz und Film tritt. Die Kunst wird an einem Ort gezeigt, an dem sie nicht nur vom Fachpublikum der Galerien gesehen wird, sondern von den G\u00e4sten unserer Veranstaltungen und von \u00fcber 200 Sch\u00fclern, die in unserem Haus Musikunterricht erhalten.<\/p><p>Der Verkauf von Bildern steht nicht im Vordergrund sondern, [<strong>parablau]<\/strong> ist zu aller erst ein k\u00fcnstlerischer Freiraum und keine klassische Galerie.<\/p>\t\t\t\t\t\t\t\t<\/div>\n\t\t\t\t<\/div>\n\t\t\t\t\t<\/div>\n\t\t<\/div>\n\t\t\t\t<div class=\"elementor-column elementor-col-50 elementor-inner-column elementor-element elementor-element-8a74e42 cms-service\" data-id=\"8a74e42\" data-element_type=\"column\" data-e-type=\"column\">\n\t\t\t<div class=\"elementor-widget-wrap elementor-element-populated\">\n\t\t\t\t\t\t<div class=\"elementor-element elementor-element-5257d09 elementor-widget__width-initial elementor-widget elementor-widget-image\" data-id=\"5257d09\" data-element_type=\"widget\" data-e-type=\"widget\" data-widget_type=\"image.default\">\n\t\t\t\t<div class=\"elementor-widget-container\">\n\t\t\t\t\t\t\t\t\t\t\t\t\t\t\t<img fetchpriority=\"high\" decoding=\"async\" width=\"1942\" height=\"1228\" src=\"https:\/\/parablau.com\/galerie\/wp-content\/uploads\/2023\/11\/lichthof-e1700671495875.jpg\" class=\"attachment-full size-full wp-image-10980\" alt=\"\" srcset=\"https:\/\/parablau.com\/galerie\/wp-content\/uploads\/2023\/11\/lichthof-e1700671495875.jpg 1942w, https:\/\/parablau.com\/galerie\/wp-content\/uploads\/2023\/11\/lichthof-e1700671495875-300x190.jpg 300w, https:\/\/parablau.com\/galerie\/wp-content\/uploads\/2023\/11\/lichthof-e1700671495875-1024x648.jpg 1024w, https:\/\/parablau.com\/galerie\/wp-content\/uploads\/2023\/11\/lichthof-e1700671495875-768x486.jpg 768w, https:\/\/parablau.com\/galerie\/wp-content\/uploads\/2023\/11\/lichthof-e1700671495875-1536x971.jpg 1536w, https:\/\/parablau.com\/galerie\/wp-content\/uploads\/2023\/11\/lichthof-e1700671495875-1320x835.jpg 1320w, https:\/\/parablau.com\/galerie\/wp-content\/uploads\/2023\/11\/lichthof-e1700671495875-600x379.jpg 600w\" sizes=\"(max-width: 1942px) 100vw, 1942px\" \/>\t\t\t\t\t\t\t\t\t\t\t\t\t\t\t<\/div>\n\t\t\t\t<\/div>\n\t\t\t\t\t<\/div>\n\t\t<\/div>\n\t\t\t\t\t<\/div>\n\t\t<\/section>\n\t\t\t\t\t<\/div>\n\t\t<\/div>\n\t\t\t\t\t<\/div>\n\t\t<\/div>\n\t\t\t\t<\/div>\n\t\t","protected":false},"excerpt":{"rendered":"<p>\u00dcber [parablau] Galerie und Kunstprojekte in der Blauen Fabrik [parablau] wurde 2012 von Conny K\u00f6ckritz (Kuratorin), Michael Kral (Artwork), Walter Battisti und Holger Knaak gegr\u00fcndet. [parablau] ist eine freie Ausstellungsreihe jenseits des kommerziellen Galeriebetriebs und bietet K\u00fcnstlern aus Dresden und dar\u00fcber hinaus ein Podium zur Pr\u00e4sentation aber auch Freiraum zum Ausprobieren. Dabei wird die Kunst&#8230;<\/p>\n","protected":false},"author":1,"featured_media":0,"parent":0,"menu_order":0,"comment_status":"closed","ping_status":"closed","template":"","meta":{"_tbt_post_transparent":"","_tbt_post_title":"","_tbt_post_layout":"","_tbt_post_sidebar_id":"","_tbt_post_content_style":"","_tbt_post_vertical_padding":"","_tbt_post_feature":"","_tbt_post_feature_position":"","_tbt_post_header":false,"_tbt_post_footer":false},"class_list":["post-2242","page","type-page","status-publish","hentry"],"yoast_head":"<!-- This site is optimized with the Yoast SEO plugin v27.3 - https:\/\/yoast.com\/product\/yoast-seo-wordpress\/ -->\n<title>\u00fcber parablau - parablau<\/title>\n<meta name=\"robots\" content=\"index, follow, max-snippet:-1, max-image-preview:large, max-video-preview:-1\" \/>\n<link rel=\"canonical\" href=\"https:\/\/parablau.com\/galerie\/about-us\/\" \/>\n<meta property=\"og:locale\" content=\"de_DE\" \/>\n<meta property=\"og:type\" content=\"article\" \/>\n<meta property=\"og:title\" content=\"\u00fcber parablau - parablau\" \/>\n<meta property=\"og:description\" content=\"\u00dcber [parablau] Galerie und Kunstprojekte in der Blauen Fabrik [parablau] wurde 2012 von Conny K\u00f6ckritz (Kuratorin), Michael Kral (Artwork), Walter Battisti und Holger Knaak gegr\u00fcndet. [parablau] ist eine freie Ausstellungsreihe jenseits des kommerziellen Galeriebetriebs und bietet K\u00fcnstlern aus Dresden und dar\u00fcber hinaus ein Podium zur Pr\u00e4sentation aber auch Freiraum zum Ausprobieren. Dabei wird die Kunst...\" \/>\n<meta property=\"og:url\" content=\"https:\/\/parablau.com\/galerie\/about-us\/\" \/>\n<meta property=\"og:site_name\" content=\"parablau\" \/>\n<meta property=\"article:modified_time\" content=\"2024-02-22T20:13:38+00:00\" \/>\n<meta property=\"og:image\" content=\"https:\/\/parablau.com\/galerie\/wp-content\/uploads\/2023\/11\/lichthof-e1700671495875.jpg\" \/>\n<meta name=\"twitter:card\" content=\"summary_large_image\" \/>\n<meta name=\"twitter:label1\" content=\"Gesch\u00e4tzte Lesezeit\" \/>\n\t<meta name=\"twitter:data1\" content=\"1\u00a0Minute\" \/>\n<script type=\"application\/ld+json\" class=\"yoast-schema-graph\">{\"@context\":\"https:\\\/\\\/schema.org\",\"@graph\":[{\"@type\":\"WebPage\",\"@id\":\"https:\\\/\\\/parablau.com\\\/galerie\\\/about-us\\\/\",\"url\":\"https:\\\/\\\/parablau.com\\\/galerie\\\/about-us\\\/\",\"name\":\"\u00fcber parablau - parablau\",\"isPartOf\":{\"@id\":\"https:\\\/\\\/parablau.com\\\/galerie\\\/#website\"},\"primaryImageOfPage\":{\"@id\":\"https:\\\/\\\/parablau.com\\\/galerie\\\/about-us\\\/#primaryimage\"},\"image\":{\"@id\":\"https:\\\/\\\/parablau.com\\\/galerie\\\/about-us\\\/#primaryimage\"},\"thumbnailUrl\":\"https:\\\/\\\/parablau.com\\\/galerie\\\/wp-content\\\/uploads\\\/2023\\\/11\\\/lichthof-e1700671495875.jpg\",\"datePublished\":\"2021-10-25T11:40:43+00:00\",\"dateModified\":\"2024-02-22T20:13:38+00:00\",\"breadcrumb\":{\"@id\":\"https:\\\/\\\/parablau.com\\\/galerie\\\/about-us\\\/#breadcrumb\"},\"inLanguage\":\"de\",\"potentialAction\":[{\"@type\":\"ReadAction\",\"target\":[\"https:\\\/\\\/parablau.com\\\/galerie\\\/about-us\\\/\"]}]},{\"@type\":\"ImageObject\",\"inLanguage\":\"de\",\"@id\":\"https:\\\/\\\/parablau.com\\\/galerie\\\/about-us\\\/#primaryimage\",\"url\":\"https:\\\/\\\/parablau.com\\\/galerie\\\/wp-content\\\/uploads\\\/2023\\\/11\\\/lichthof-e1700671495875.jpg\",\"contentUrl\":\"https:\\\/\\\/parablau.com\\\/galerie\\\/wp-content\\\/uploads\\\/2023\\\/11\\\/lichthof-e1700671495875.jpg\",\"width\":1942,\"height\":1228,\"caption\":\"Lichthof mit Klavier\"},{\"@type\":\"BreadcrumbList\",\"@id\":\"https:\\\/\\\/parablau.com\\\/galerie\\\/about-us\\\/#breadcrumb\",\"itemListElement\":[{\"@type\":\"ListItem\",\"position\":1,\"name\":\"Startseite\",\"item\":\"https:\\\/\\\/parablau.com\\\/galerie\\\/\"},{\"@type\":\"ListItem\",\"position\":2,\"name\":\"\u00fcber parablau\"}]},{\"@type\":\"WebSite\",\"@id\":\"https:\\\/\\\/parablau.com\\\/galerie\\\/#website\",\"url\":\"https:\\\/\\\/parablau.com\\\/galerie\\\/\",\"name\":\"parablau\",\"description\":\"Galerie und Kunstprojekte in der Blauen Fabrik Dresden\",\"publisher\":{\"@id\":\"https:\\\/\\\/parablau.com\\\/galerie\\\/#organization\"},\"potentialAction\":[{\"@type\":\"SearchAction\",\"target\":{\"@type\":\"EntryPoint\",\"urlTemplate\":\"https:\\\/\\\/parablau.com\\\/galerie\\\/?s={search_term_string}\"},\"query-input\":{\"@type\":\"PropertyValueSpecification\",\"valueRequired\":true,\"valueName\":\"search_term_string\"}}],\"inLanguage\":\"de\"},{\"@type\":\"Organization\",\"@id\":\"https:\\\/\\\/parablau.com\\\/galerie\\\/#organization\",\"name\":\"parablau\",\"url\":\"https:\\\/\\\/parablau.com\\\/galerie\\\/\",\"logo\":{\"@type\":\"ImageObject\",\"inLanguage\":\"de\",\"@id\":\"https:\\\/\\\/parablau.com\\\/galerie\\\/#\\\/schema\\\/logo\\\/image\\\/\",\"url\":\"https:\\\/\\\/parablau.com\\\/galerie\\\/wp-content\\\/uploads\\\/2023\\\/11\\\/cropped-parablau-logo-kiwi-picasso-2-2a5f6e-1.png\",\"contentUrl\":\"https:\\\/\\\/parablau.com\\\/galerie\\\/wp-content\\\/uploads\\\/2023\\\/11\\\/cropped-parablau-logo-kiwi-picasso-2-2a5f6e-1.png\",\"width\":3467,\"height\":4275,\"caption\":\"parablau\"},\"image\":{\"@id\":\"https:\\\/\\\/parablau.com\\\/galerie\\\/#\\\/schema\\\/logo\\\/image\\\/\"}}]}<\/script>\n<!-- \/ Yoast SEO plugin. -->","yoast_head_json":{"title":"\u00fcber parablau - parablau","robots":{"index":"index","follow":"follow","max-snippet":"max-snippet:-1","max-image-preview":"max-image-preview:large","max-video-preview":"max-video-preview:-1"},"canonical":"https:\/\/parablau.com\/galerie\/about-us\/","og_locale":"de_DE","og_type":"article","og_title":"\u00fcber parablau - parablau","og_description":"\u00dcber [parablau] Galerie und Kunstprojekte in der Blauen Fabrik [parablau] wurde 2012 von Conny K\u00f6ckritz (Kuratorin), Michael Kral (Artwork), Walter Battisti und Holger Knaak gegr\u00fcndet. [parablau] ist eine freie Ausstellungsreihe jenseits des kommerziellen Galeriebetriebs und bietet K\u00fcnstlern aus Dresden und dar\u00fcber hinaus ein Podium zur Pr\u00e4sentation aber auch Freiraum zum Ausprobieren. Dabei wird die Kunst...","og_url":"https:\/\/parablau.com\/galerie\/about-us\/","og_site_name":"parablau","article_modified_time":"2024-02-22T20:13:38+00:00","og_image":[{"url":"https:\/\/parablau.com\/galerie\/wp-content\/uploads\/2023\/11\/lichthof-e1700671495875.jpg","type":"","width":"","height":""}],"twitter_card":"summary_large_image","twitter_misc":{"Gesch\u00e4tzte Lesezeit":"1\u00a0Minute"},"schema":{"@context":"https:\/\/schema.org","@graph":[{"@type":"WebPage","@id":"https:\/\/parablau.com\/galerie\/about-us\/","url":"https:\/\/parablau.com\/galerie\/about-us\/","name":"\u00fcber parablau - parablau","isPartOf":{"@id":"https:\/\/parablau.com\/galerie\/#website"},"primaryImageOfPage":{"@id":"https:\/\/parablau.com\/galerie\/about-us\/#primaryimage"},"image":{"@id":"https:\/\/parablau.com\/galerie\/about-us\/#primaryimage"},"thumbnailUrl":"https:\/\/parablau.com\/galerie\/wp-content\/uploads\/2023\/11\/lichthof-e1700671495875.jpg","datePublished":"2021-10-25T11:40:43+00:00","dateModified":"2024-02-22T20:13:38+00:00","breadcrumb":{"@id":"https:\/\/parablau.com\/galerie\/about-us\/#breadcrumb"},"inLanguage":"de","potentialAction":[{"@type":"ReadAction","target":["https:\/\/parablau.com\/galerie\/about-us\/"]}]},{"@type":"ImageObject","inLanguage":"de","@id":"https:\/\/parablau.com\/galerie\/about-us\/#primaryimage","url":"https:\/\/parablau.com\/galerie\/wp-content\/uploads\/2023\/11\/lichthof-e1700671495875.jpg","contentUrl":"https:\/\/parablau.com\/galerie\/wp-content\/uploads\/2023\/11\/lichthof-e1700671495875.jpg","width":1942,"height":1228,"caption":"Lichthof mit Klavier"},{"@type":"BreadcrumbList","@id":"https:\/\/parablau.com\/galerie\/about-us\/#breadcrumb","itemListElement":[{"@type":"ListItem","position":1,"name":"Startseite","item":"https:\/\/parablau.com\/galerie\/"},{"@type":"ListItem","position":2,"name":"\u00fcber parablau"}]},{"@type":"WebSite","@id":"https:\/\/parablau.com\/galerie\/#website","url":"https:\/\/parablau.com\/galerie\/","name":"parablau","description":"Galerie und Kunstprojekte in der Blauen Fabrik Dresden","publisher":{"@id":"https:\/\/parablau.com\/galerie\/#organization"},"potentialAction":[{"@type":"SearchAction","target":{"@type":"EntryPoint","urlTemplate":"https:\/\/parablau.com\/galerie\/?s={search_term_string}"},"query-input":{"@type":"PropertyValueSpecification","valueRequired":true,"valueName":"search_term_string"}}],"inLanguage":"de"},{"@type":"Organization","@id":"https:\/\/parablau.com\/galerie\/#organization","name":"parablau","url":"https:\/\/parablau.com\/galerie\/","logo":{"@type":"ImageObject","inLanguage":"de","@id":"https:\/\/parablau.com\/galerie\/#\/schema\/logo\/image\/","url":"https:\/\/parablau.com\/galerie\/wp-content\/uploads\/2023\/11\/cropped-parablau-logo-kiwi-picasso-2-2a5f6e-1.png","contentUrl":"https:\/\/parablau.com\/galerie\/wp-content\/uploads\/2023\/11\/cropped-parablau-logo-kiwi-picasso-2-2a5f6e-1.png","width":3467,"height":4275,"caption":"parablau"},"image":{"@id":"https:\/\/parablau.com\/galerie\/#\/schema\/logo\/image\/"}}]}},"jetpack_sharing_enabled":true,"_links":{"self":[{"href":"https:\/\/parablau.com\/galerie\/wp-json\/wp\/v2\/pages\/2242","targetHints":{"allow":["GET"]}}],"collection":[{"href":"https:\/\/parablau.com\/galerie\/wp-json\/wp\/v2\/pages"}],"about":[{"href":"https:\/\/parablau.com\/galerie\/wp-json\/wp\/v2\/types\/page"}],"author":[{"embeddable":true,"href":"https:\/\/parablau.com\/galerie\/wp-json\/wp\/v2\/users\/1"}],"replies":[{"embeddable":true,"href":"https:\/\/parablau.com\/galerie\/wp-json\/wp\/v2\/comments?post=2242"}],"version-history":[{"count":10,"href":"https:\/\/parablau.com\/galerie\/wp-json\/wp\/v2\/pages\/2242\/revisions"}],"predecessor-version":[{"id":11610,"href":"https:\/\/parablau.com\/galerie\/wp-json\/wp\/v2\/pages\/2242\/revisions\/11610"}],"wp:attachment":[{"href":"https:\/\/parablau.com\/galerie\/wp-json\/wp\/v2\/media?parent=2242"}],"curies":[{"name":"wp","href":"https:\/\/api.w.org\/{rel}","templated":true}]}}