{"id":11461,"date":"2024-01-02T16:12:15","date_gmt":"2024-01-02T15:12:15","guid":{"rendered":"https:\/\/parablau.com\/galerie\/?page_id=11461"},"modified":"2024-01-02T17:07:07","modified_gmt":"2024-01-02T16:07:07","slug":"kontakt","status":"publish","type":"page","link":"https:\/\/parablau.com\/galerie\/kontakt\/","title":{"rendered":"&#8211;> Infos f\u00fcr Ausstellende"},"content":{"rendered":"\t\t<div data-elementor-type=\"wp-page\" data-elementor-id=\"11461\" class=\"elementor elementor-11461\">\n\t\t\t\t<div class=\"elementor-element elementor-element-6bf458f e-flex e-con-boxed e-con e-parent\" data-id=\"6bf458f\" data-element_type=\"container\" data-e-type=\"container\">\n\t\t\t\t\t<div class=\"e-con-inner\">\n\t\t\t\t<div class=\"elementor-element elementor-element-b3a6c13 elementor-widget elementor-widget-text-editor\" data-id=\"b3a6c13\" data-element_type=\"widget\" data-e-type=\"widget\" data-widget_type=\"text-editor.default\">\n\t\t\t\t<div class=\"elementor-widget-container\">\n\t\t\t\t\t\t\t\t\t<p>Hallo! Wir freuen uns sehr \u00fcber dein Interesse in den R\u00e4umen der Galerie ausstellen zu wollen.<\/p><p>Damit wir etwas davon wissen, solltest du uns nat\u00fcrlich \u00fcber dein Interesse auch informieren. Das kann am besten per mail \u00fcber unsere <a href=\"https:\/\/parablau.com\/galerie\/contact-us\/\" target=\"_blank\" rel=\"noopener\"><strong>Kontaktseite<\/strong><\/a> erfolgen. Mit erfolgreicher Kontaktaufnahme werden, neben dem Erstbeschau der R\u00e4ume und der zeitlichen Strukturfindung, auch rechtliche Dinge, wie der Versicherungsschutz, in einem Galerievertrag geregelt.<\/p><p>Kurz vorab:<\/p><p><\/p><p>Die Ausstellungsr\u00e4ume befinden sich in der &#8222;Gr\u00fcnen Villa&#8220; in der Eisenbahnstra\u00dfe 1, 01097 Dresden. Dort sind ein repr\u00e4sentativer Lichthof, ein Projektraum und Ausstellungsm\u00f6glichkeiten im Garten vorhanden. Der Lichthof ist quadratisch, hat grau verputzte W\u00e4nde und eine Deckenh\u00f6he von 15 m mit von oben einfallendem Naturlicht. Der Projektraum ist 60 m\u00b2, hat eine komplette lange Fensterfront und wei\u00dfe W\u00e4nde. Alle Fl\u00e4chen sind mit einem modernen Schienensystem ausgestattet.<\/p><p> <\/p><p>Um sich ein genaues Bild zu machen besucht das virtuelle <a href=\"http:\/\/bilderradio.de\/wundertuete\/\" target=\"_blank\" rel=\"noopener\"><strong>VR Modell<\/strong><\/a> der Ausstellung vom April 2020.<\/p><p><\/p><p><strong>Auf- und Abbau, Transport<br \/><\/strong>Der Ausstellende ist f\u00fcr den An- und Abtransport sowie das H\u00e4ngen und Abh\u00e4ngen seiner Werke selbst verantwortlich. Sofern verf\u00fcgbar stellt die Blaue Fabrik vorhandene Rahmen zur Verf\u00fcgung. Ein H\u00e4ngesystem ist im Projektraum und Lichthof vorhanden und f\u00fcr die Pr\u00e4sentation der Ausstellung zu nutzen. Das Befestigungen von Kunstwerken mittels Klebeband u.\u00e4. entfernbaren Materialien direkt auf die W\u00e4nde bedarf der Zustimmung der Blauen Fabrik. Das Schlagen von N\u00e4geln u.a. den Putz besch\u00e4digenden Gegenst\u00e4nden ist grunds\u00e4tzlich nicht erlaubt. Im Raum stehende Installationen sind generell nicht m\u00f6glich.<\/p><p><strong>Einlagerung und R\u00fccksendung<br \/><\/strong>Die Ausstellenden haben ihre Ausstellung zeitnah nach der Finisage abzuh\u00e4ngen und mitzunehmen. Erfolgt dies nicht sp\u00e4testens innerhalb von 5 Werktagen nach Ende der Ausstellung durch die K\u00fcnstler kann die Blaue Fabrik die Kunstwerke selbst abh\u00e4ngen. Eine Einlagerung oder R\u00fccksendung der Ausstellungsst\u00fccke durch die Blaue Fabrik erfolgt nicht. Die Blaue Fabrik \u00fcbernimmt keinerlei Haftung f\u00fcr Sch\u00e4den an oder Abhandenkommen von Kunstwerken, die nicht von den Ausstellenden selbst abgehangen wurden und beh\u00e4lt sich die Entsorgung von nicht entfernten Ausstellungsst\u00fccken vor.<\/p><p><strong>Werbung<br \/><\/strong>Die Gestaltung der Ausstellung erfolgt durch den Ausstellenden. Es ist das vorhandene H\u00e4ngesystem zu nutzen. Die Blaue Fabrik bewirbt die Ausstellung auf den Seite www.parablau.com und www.blauefabrik.de sowie auf unserem Facebook und Instagram Kanal. Die Blaue Fabrik erstellt ggf. eine Postkarte und l\u00e4sst diese in einer Auflage von maximal 500 St\u00fcck drucken. Der Ausstellende stellt m\u00f6glichst fr\u00fchzeitig (sp\u00e4testens 8 Wochen vor der Vernissage) alle n\u00f6tigen Informationen f\u00fcr die Werbung zur Verf\u00fcgung, insbesondere ein Titelbild f\u00fcr die Postkarte, kurze Vita und einige S\u00e4tze zur Ausstellung an sich. Der Ausstellende erh\u00e4lt die Postkarten zur eigenen Verwendung \/ Verteilung.\u00a0 Sollte der Ausstellende eigene Werbemittel anfertigen so sind darauf die Logos der Blauen Fabrik und von [parablau] zu verwenden.<\/p><p><strong>Verkauf<br \/><\/strong>Die Blaue Fabrik \u00fcbernimmt keinerlei Verkaufsaktivit\u00e4ten. Verkauf der ausgestellten Werke findet ausschlie\u00dflich zwischen Ausstellenden und Kaufinteressenten statt. Der Ausstellende reicht der Blauen Fabrik sp\u00e4testens zum Tag der Vernissage eine Liste der gehangenen Bilder mit Titeln und Preisen ein. Sollte im Rahmen der Ausstellung ein Kunstwerk verkauft werden, so erh\u00e4lt die Blaue Fabrik 10% Provision.<\/p><p><strong>Begleitende Veranstaltungen zur Ausstellung<br \/><\/strong>Eine Vernissage ist erw\u00fcnscht, aber kein Muss. Die Vernissage und ggf. Midissage\/ Finissage kann durch den Ausstellenden in Absprache mit der Blauen Fabrik frei gestaltet werden. Wir haben ein kleines Budget f\u00fcr musikalische Begleitung, Werbung und Knabbereien. Die Vernissage ist sp\u00e4testens um 23:00 Uhr beendet: d.h. alle G\u00e4ste haben das Gel\u00e4nde der Blauen Fabrik verlassen.<\/p>\t\t\t\t\t\t\t\t<\/div>\n\t\t\t\t<\/div>\n\t\t\t\t\t<\/div>\n\t\t\t\t<\/div>\n\t\t<div class=\"elementor-element elementor-element-a75cd82 e-flex e-con-boxed e-con e-parent\" data-id=\"a75cd82\" data-element_type=\"container\" data-e-type=\"container\">\n\t\t\t\t\t<div class=\"e-con-inner\">\n\t\t\t\t<div class=\"elementor-element elementor-element-6bc6c4e elementor-widget elementor-widget-spacer\" data-id=\"6bc6c4e\" data-element_type=\"widget\" data-e-type=\"widget\" data-widget_type=\"spacer.default\">\n\t\t\t\t<div class=\"elementor-widget-container\">\n\t\t\t\t\t\t\t<div class=\"elementor-spacer\">\n\t\t\t<div class=\"elementor-spacer-inner\"><\/div>\n\t\t<\/div>\n\t\t\t\t\t\t<\/div>\n\t\t\t\t<\/div>\n\t\t\t\t\t<\/div>\n\t\t\t\t<\/div>\n\t\t<div class=\"elementor-element elementor-element-e851bcf e-flex e-con-boxed e-con e-parent\" data-id=\"e851bcf\" data-element_type=\"container\" data-e-type=\"container\">\n\t\t\t\t\t<div class=\"e-con-inner\">\n\t\t\t\t<div class=\"elementor-element elementor-element-b4e8668 elementor-arrows-position-inside elementor-pagination-position-outside elementor-widget elementor-widget-image-carousel\" data-id=\"b4e8668\" data-element_type=\"widget\" data-e-type=\"widget\" data-settings=\"{&quot;navigation&quot;:&quot;both&quot;,&quot;autoplay&quot;:&quot;yes&quot;,&quot;pause_on_hover&quot;:&quot;yes&quot;,&quot;pause_on_interaction&quot;:&quot;yes&quot;,&quot;autoplay_speed&quot;:5000,&quot;infinite&quot;:&quot;yes&quot;,&quot;speed&quot;:500}\" data-widget_type=\"image-carousel.default\">\n\t\t\t\t<div class=\"elementor-widget-container\">\n\t\t\t\t\t\t\t<div class=\"elementor-image-carousel-wrapper swiper\" role=\"region\" aria-roledescription=\"carousel\" aria-label=\"Bild Karussell\" dir=\"ltr\">\n\t\t\t<div class=\"elementor-image-carousel swiper-wrapper\" aria-live=\"off\">\n\t\t\t\t\t\t\t\t<div class=\"swiper-slide\" role=\"group\" aria-roledescription=\"slide\" aria-label=\"1 von 3\"><figure class=\"swiper-slide-inner\"><img decoding=\"async\" class=\"swiper-slide-image\" src=\"https:\/\/parablau.com\/galerie\/wp-content\/uploads\/2024\/01\/01-300x170.png\" alt=\"01\" \/><\/figure><\/div><div class=\"swiper-slide\" role=\"group\" aria-roledescription=\"slide\" aria-label=\"2 von 3\"><figure class=\"swiper-slide-inner\"><img decoding=\"async\" class=\"swiper-slide-image\" src=\"https:\/\/parablau.com\/galerie\/wp-content\/uploads\/2024\/01\/02-300x170.png\" alt=\"02\" \/><\/figure><\/div><div class=\"swiper-slide\" role=\"group\" aria-roledescription=\"slide\" aria-label=\"3 von 3\"><figure class=\"swiper-slide-inner\"><img decoding=\"async\" class=\"swiper-slide-image\" src=\"https:\/\/parablau.com\/galerie\/wp-content\/uploads\/2024\/01\/03-300x170.png\" alt=\"03\" \/><\/figure><\/div>\t\t\t<\/div>\n\t\t\t\t\t\t\t\t\t\t\t\t<div class=\"elementor-swiper-button elementor-swiper-button-prev\" role=\"button\" tabindex=\"0\">\n\t\t\t\t\t\t<svg aria-hidden=\"true\" class=\"e-font-icon-svg e-eicon-chevron-left\" viewBox=\"0 0 1000 1000\" xmlns=\"http:\/\/www.w3.org\/2000\/svg\"><path d=\"M646 125C629 125 613 133 604 142L308 442C296 454 292 471 292 487 292 504 296 521 308 533L604 854C617 867 629 875 646 875 663 875 679 871 692 858 704 846 713 829 713 812 713 796 708 779 692 767L438 487 692 225C700 217 708 204 708 187 708 171 704 154 692 142 675 129 663 125 646 125Z\"><\/path><\/svg>\t\t\t\t\t<\/div>\n\t\t\t\t\t<div class=\"elementor-swiper-button elementor-swiper-button-next\" role=\"button\" tabindex=\"0\">\n\t\t\t\t\t\t<svg aria-hidden=\"true\" class=\"e-font-icon-svg e-eicon-chevron-right\" viewBox=\"0 0 1000 1000\" xmlns=\"http:\/\/www.w3.org\/2000\/svg\"><path d=\"M696 533C708 521 713 504 713 487 713 471 708 454 696 446L400 146C388 133 375 125 354 125 338 125 325 129 313 142 300 154 292 171 292 187 292 204 296 221 308 233L563 492 304 771C292 783 288 800 288 817 288 833 296 850 308 863 321 871 338 875 354 875 371 875 388 867 400 854L696 533Z\"><\/path><\/svg>\t\t\t\t\t<\/div>\n\t\t\t\t\n\t\t\t\t\t\t\t\t\t<div class=\"swiper-pagination\"><\/div>\n\t\t\t\t\t\t\t\t\t<\/div>\n\t\t\t\t\t\t<\/div>\n\t\t\t\t<\/div>\n\t\t\t\t\t<\/div>\n\t\t\t\t<\/div>\n\t\t<div class=\"elementor-element elementor-element-a0fa0a4 e-flex e-con-boxed e-con e-parent\" data-id=\"a0fa0a4\" data-element_type=\"container\" data-e-type=\"container\">\n\t\t\t\t\t<div class=\"e-con-inner\">\n\t\t\t\t<div class=\"elementor-element elementor-element-7d253f4 elementor-widget elementor-widget-spacer\" data-id=\"7d253f4\" data-element_type=\"widget\" data-e-type=\"widget\" data-widget_type=\"spacer.default\">\n\t\t\t\t<div class=\"elementor-widget-container\">\n\t\t\t\t\t\t\t<div class=\"elementor-spacer\">\n\t\t\t<div class=\"elementor-spacer-inner\"><\/div>\n\t\t<\/div>\n\t\t\t\t\t\t<\/div>\n\t\t\t\t<\/div>\n\t\t\t\t\t<\/div>\n\t\t\t\t<\/div>\n\t\t<div class=\"elementor-element elementor-element-fea83dd e-flex e-con-boxed e-con e-parent\" data-id=\"fea83dd\" data-element_type=\"container\" data-e-type=\"container\">\n\t\t\t\t\t<div class=\"e-con-inner\">\n\t\t\t\t<div class=\"elementor-element elementor-element-111af83 elementor-widget elementor-widget-image\" data-id=\"111af83\" data-element_type=\"widget\" data-e-type=\"widget\" data-widget_type=\"image.default\">\n\t\t\t\t<div class=\"elementor-widget-container\">\n\t\t\t\t\t\t\t\t\t\t\t\t\t\t\t<img fetchpriority=\"high\" decoding=\"async\" width=\"459\" height=\"538\" src=\"https:\/\/parablau.com\/galerie\/wp-content\/uploads\/2024\/01\/Grundriss_parablau.png\" class=\"attachment-large size-large wp-image-11491\" alt=\"\" srcset=\"https:\/\/parablau.com\/galerie\/wp-content\/uploads\/2024\/01\/Grundriss_parablau.png 459w, https:\/\/parablau.com\/galerie\/wp-content\/uploads\/2024\/01\/Grundriss_parablau-256x300.png 256w\" sizes=\"(max-width: 459px) 100vw, 459px\" \/>\t\t\t\t\t\t\t\t\t\t\t\t\t\t\t<\/div>\n\t\t\t\t<\/div>\n\t\t\t\t\t<\/div>\n\t\t\t\t<\/div>\n\t\t\t\t<\/div>\n\t\t","protected":false},"excerpt":{"rendered":"<p>Hallo! Wir freuen uns sehr \u00fcber dein Interesse in den R\u00e4umen der Galerie ausstellen zu wollen. Damit wir etwas davon wissen, solltest du uns nat\u00fcrlich \u00fcber dein Interesse auch informieren. Das kann am besten per mail \u00fcber unsere Kontaktseite erfolgen. Mit erfolgreicher Kontaktaufnahme werden, neben dem Erstbeschau der R\u00e4ume und der zeitlichen Strukturfindung, auch rechtliche&#8230;<\/p>\n","protected":false},"author":1,"featured_media":0,"parent":0,"menu_order":0,"comment_status":"closed","ping_status":"closed","template":"","meta":{"_tbt_post_transparent":"","_tbt_post_title":"","_tbt_post_layout":"","_tbt_post_sidebar_id":"","_tbt_post_content_style":"","_tbt_post_vertical_padding":"","_tbt_post_feature":"","_tbt_post_feature_position":"","_tbt_post_header":false,"_tbt_post_footer":false},"class_list":["post-11461","page","type-page","status-publish","hentry"],"yoast_head":"<!-- This site is optimized with the Yoast SEO plugin v27.3 - https:\/\/yoast.com\/product\/yoast-seo-wordpress\/ -->\n<title>-&gt; Infos f\u00fcr Ausstellende - parablau<\/title>\n<meta name=\"robots\" content=\"index, follow, max-snippet:-1, max-image-preview:large, max-video-preview:-1\" \/>\n<link rel=\"canonical\" href=\"https:\/\/parablau.com\/galerie\/kontakt\/\" \/>\n<meta property=\"og:locale\" content=\"de_DE\" \/>\n<meta property=\"og:type\" content=\"article\" \/>\n<meta property=\"og:title\" content=\"-&gt; Infos f\u00fcr Ausstellende - parablau\" \/>\n<meta property=\"og:description\" content=\"Hallo! Wir freuen uns sehr \u00fcber dein Interesse in den R\u00e4umen der Galerie ausstellen zu wollen. Damit wir etwas davon wissen, solltest du uns nat\u00fcrlich \u00fcber dein Interesse auch informieren. Das kann am besten per mail \u00fcber unsere Kontaktseite erfolgen. Mit erfolgreicher Kontaktaufnahme werden, neben dem Erstbeschau der R\u00e4ume und der zeitlichen Strukturfindung, auch rechtliche...\" \/>\n<meta property=\"og:url\" content=\"https:\/\/parablau.com\/galerie\/kontakt\/\" \/>\n<meta property=\"og:site_name\" content=\"parablau\" \/>\n<meta property=\"article:modified_time\" content=\"2024-01-02T16:07:07+00:00\" \/>\n<meta property=\"og:image\" content=\"https:\/\/parablau.com\/galerie\/wp-content\/uploads\/2024\/01\/01-300x170.png\" \/>\n<meta name=\"twitter:card\" content=\"summary_large_image\" \/>\n<meta name=\"twitter:label1\" content=\"Gesch\u00e4tzte Lesezeit\" \/>\n\t<meta name=\"twitter:data1\" content=\"6\u00a0Minuten\" \/>\n<script type=\"application\/ld+json\" class=\"yoast-schema-graph\">{\"@context\":\"https:\\\/\\\/schema.org\",\"@graph\":[{\"@type\":\"WebPage\",\"@id\":\"https:\\\/\\\/parablau.com\\\/galerie\\\/kontakt\\\/\",\"url\":\"https:\\\/\\\/parablau.com\\\/galerie\\\/kontakt\\\/\",\"name\":\"-> Infos f\u00fcr Ausstellende - parablau\",\"isPartOf\":{\"@id\":\"https:\\\/\\\/parablau.com\\\/galerie\\\/#website\"},\"primaryImageOfPage\":{\"@id\":\"https:\\\/\\\/parablau.com\\\/galerie\\\/kontakt\\\/#primaryimage\"},\"image\":{\"@id\":\"https:\\\/\\\/parablau.com\\\/galerie\\\/kontakt\\\/#primaryimage\"},\"thumbnailUrl\":\"https:\\\/\\\/parablau.com\\\/galerie\\\/wp-content\\\/uploads\\\/2024\\\/01\\\/01-300x170.png\",\"datePublished\":\"2024-01-02T15:12:15+00:00\",\"dateModified\":\"2024-01-02T16:07:07+00:00\",\"breadcrumb\":{\"@id\":\"https:\\\/\\\/parablau.com\\\/galerie\\\/kontakt\\\/#breadcrumb\"},\"inLanguage\":\"de\",\"potentialAction\":[{\"@type\":\"ReadAction\",\"target\":[\"https:\\\/\\\/parablau.com\\\/galerie\\\/kontakt\\\/\"]}]},{\"@type\":\"ImageObject\",\"inLanguage\":\"de\",\"@id\":\"https:\\\/\\\/parablau.com\\\/galerie\\\/kontakt\\\/#primaryimage\",\"url\":\"https:\\\/\\\/parablau.com\\\/galerie\\\/wp-content\\\/uploads\\\/2024\\\/01\\\/01.png\",\"contentUrl\":\"https:\\\/\\\/parablau.com\\\/galerie\\\/wp-content\\\/uploads\\\/2024\\\/01\\\/01.png\",\"width\":1150,\"height\":652},{\"@type\":\"BreadcrumbList\",\"@id\":\"https:\\\/\\\/parablau.com\\\/galerie\\\/kontakt\\\/#breadcrumb\",\"itemListElement\":[{\"@type\":\"ListItem\",\"position\":1,\"name\":\"Startseite\",\"item\":\"https:\\\/\\\/parablau.com\\\/galerie\\\/\"},{\"@type\":\"ListItem\",\"position\":2,\"name\":\"&#8211;> Infos f\u00fcr Ausstellende\"}]},{\"@type\":\"WebSite\",\"@id\":\"https:\\\/\\\/parablau.com\\\/galerie\\\/#website\",\"url\":\"https:\\\/\\\/parablau.com\\\/galerie\\\/\",\"name\":\"parablau\",\"description\":\"Galerie und Kunstprojekte in der Blauen Fabrik Dresden\",\"publisher\":{\"@id\":\"https:\\\/\\\/parablau.com\\\/galerie\\\/#organization\"},\"potentialAction\":[{\"@type\":\"SearchAction\",\"target\":{\"@type\":\"EntryPoint\",\"urlTemplate\":\"https:\\\/\\\/parablau.com\\\/galerie\\\/?s={search_term_string}\"},\"query-input\":{\"@type\":\"PropertyValueSpecification\",\"valueRequired\":true,\"valueName\":\"search_term_string\"}}],\"inLanguage\":\"de\"},{\"@type\":\"Organization\",\"@id\":\"https:\\\/\\\/parablau.com\\\/galerie\\\/#organization\",\"name\":\"parablau\",\"url\":\"https:\\\/\\\/parablau.com\\\/galerie\\\/\",\"logo\":{\"@type\":\"ImageObject\",\"inLanguage\":\"de\",\"@id\":\"https:\\\/\\\/parablau.com\\\/galerie\\\/#\\\/schema\\\/logo\\\/image\\\/\",\"url\":\"https:\\\/\\\/parablau.com\\\/galerie\\\/wp-content\\\/uploads\\\/2023\\\/11\\\/cropped-parablau-logo-kiwi-picasso-2-2a5f6e-1.png\",\"contentUrl\":\"https:\\\/\\\/parablau.com\\\/galerie\\\/wp-content\\\/uploads\\\/2023\\\/11\\\/cropped-parablau-logo-kiwi-picasso-2-2a5f6e-1.png\",\"width\":3467,\"height\":4275,\"caption\":\"parablau\"},\"image\":{\"@id\":\"https:\\\/\\\/parablau.com\\\/galerie\\\/#\\\/schema\\\/logo\\\/image\\\/\"}}]}<\/script>\n<!-- \/ Yoast SEO plugin. -->","yoast_head_json":{"title":"-> Infos f\u00fcr Ausstellende - parablau","robots":{"index":"index","follow":"follow","max-snippet":"max-snippet:-1","max-image-preview":"max-image-preview:large","max-video-preview":"max-video-preview:-1"},"canonical":"https:\/\/parablau.com\/galerie\/kontakt\/","og_locale":"de_DE","og_type":"article","og_title":"-> Infos f\u00fcr Ausstellende - parablau","og_description":"Hallo! Wir freuen uns sehr \u00fcber dein Interesse in den R\u00e4umen der Galerie ausstellen zu wollen. Damit wir etwas davon wissen, solltest du uns nat\u00fcrlich \u00fcber dein Interesse auch informieren. Das kann am besten per mail \u00fcber unsere Kontaktseite erfolgen. Mit erfolgreicher Kontaktaufnahme werden, neben dem Erstbeschau der R\u00e4ume und der zeitlichen Strukturfindung, auch rechtliche...","og_url":"https:\/\/parablau.com\/galerie\/kontakt\/","og_site_name":"parablau","article_modified_time":"2024-01-02T16:07:07+00:00","og_image":[{"url":"https:\/\/parablau.com\/galerie\/wp-content\/uploads\/2024\/01\/01-300x170.png","type":"","width":"","height":""}],"twitter_card":"summary_large_image","twitter_misc":{"Gesch\u00e4tzte Lesezeit":"6\u00a0Minuten"},"schema":{"@context":"https:\/\/schema.org","@graph":[{"@type":"WebPage","@id":"https:\/\/parablau.com\/galerie\/kontakt\/","url":"https:\/\/parablau.com\/galerie\/kontakt\/","name":"-> Infos f\u00fcr Ausstellende - parablau","isPartOf":{"@id":"https:\/\/parablau.com\/galerie\/#website"},"primaryImageOfPage":{"@id":"https:\/\/parablau.com\/galerie\/kontakt\/#primaryimage"},"image":{"@id":"https:\/\/parablau.com\/galerie\/kontakt\/#primaryimage"},"thumbnailUrl":"https:\/\/parablau.com\/galerie\/wp-content\/uploads\/2024\/01\/01-300x170.png","datePublished":"2024-01-02T15:12:15+00:00","dateModified":"2024-01-02T16:07:07+00:00","breadcrumb":{"@id":"https:\/\/parablau.com\/galerie\/kontakt\/#breadcrumb"},"inLanguage":"de","potentialAction":[{"@type":"ReadAction","target":["https:\/\/parablau.com\/galerie\/kontakt\/"]}]},{"@type":"ImageObject","inLanguage":"de","@id":"https:\/\/parablau.com\/galerie\/kontakt\/#primaryimage","url":"https:\/\/parablau.com\/galerie\/wp-content\/uploads\/2024\/01\/01.png","contentUrl":"https:\/\/parablau.com\/galerie\/wp-content\/uploads\/2024\/01\/01.png","width":1150,"height":652},{"@type":"BreadcrumbList","@id":"https:\/\/parablau.com\/galerie\/kontakt\/#breadcrumb","itemListElement":[{"@type":"ListItem","position":1,"name":"Startseite","item":"https:\/\/parablau.com\/galerie\/"},{"@type":"ListItem","position":2,"name":"&#8211;> Infos f\u00fcr Ausstellende"}]},{"@type":"WebSite","@id":"https:\/\/parablau.com\/galerie\/#website","url":"https:\/\/parablau.com\/galerie\/","name":"parablau","description":"Galerie und Kunstprojekte in der Blauen Fabrik Dresden","publisher":{"@id":"https:\/\/parablau.com\/galerie\/#organization"},"potentialAction":[{"@type":"SearchAction","target":{"@type":"EntryPoint","urlTemplate":"https:\/\/parablau.com\/galerie\/?s={search_term_string}"},"query-input":{"@type":"PropertyValueSpecification","valueRequired":true,"valueName":"search_term_string"}}],"inLanguage":"de"},{"@type":"Organization","@id":"https:\/\/parablau.com\/galerie\/#organization","name":"parablau","url":"https:\/\/parablau.com\/galerie\/","logo":{"@type":"ImageObject","inLanguage":"de","@id":"https:\/\/parablau.com\/galerie\/#\/schema\/logo\/image\/","url":"https:\/\/parablau.com\/galerie\/wp-content\/uploads\/2023\/11\/cropped-parablau-logo-kiwi-picasso-2-2a5f6e-1.png","contentUrl":"https:\/\/parablau.com\/galerie\/wp-content\/uploads\/2023\/11\/cropped-parablau-logo-kiwi-picasso-2-2a5f6e-1.png","width":3467,"height":4275,"caption":"parablau"},"image":{"@id":"https:\/\/parablau.com\/galerie\/#\/schema\/logo\/image\/"}}]}},"jetpack_sharing_enabled":true,"_links":{"self":[{"href":"https:\/\/parablau.com\/galerie\/wp-json\/wp\/v2\/pages\/11461","targetHints":{"allow":["GET"]}}],"collection":[{"href":"https:\/\/parablau.com\/galerie\/wp-json\/wp\/v2\/pages"}],"about":[{"href":"https:\/\/parablau.com\/galerie\/wp-json\/wp\/v2\/types\/page"}],"author":[{"embeddable":true,"href":"https:\/\/parablau.com\/galerie\/wp-json\/wp\/v2\/users\/1"}],"replies":[{"embeddable":true,"href":"https:\/\/parablau.com\/galerie\/wp-json\/wp\/v2\/comments?post=11461"}],"version-history":[{"count":10,"href":"https:\/\/parablau.com\/galerie\/wp-json\/wp\/v2\/pages\/11461\/revisions"}],"predecessor-version":[{"id":11494,"href":"https:\/\/parablau.com\/galerie\/wp-json\/wp\/v2\/pages\/11461\/revisions\/11494"}],"wp:attachment":[{"href":"https:\/\/parablau.com\/galerie\/wp-json\/wp\/v2\/media?parent=11461"}],"curies":[{"name":"wp","href":"https:\/\/api.w.org\/{rel}","templated":true}]}}